{"id":45,"date":"2021-06-17T11:34:18","date_gmt":"2021-06-17T09:34:18","guid":{"rendered":"http:\/\/base-nautique-artignosc.fr\/?page_id=45"},"modified":"2025-09-11T09:27:32","modified_gmt":"2025-09-11T07:27:32","slug":"nos-locations","status":"publish","type":"page","link":"https:\/\/base-nautique-artignosc.fr\/index.php\/nos-locations\/","title":{"rendered":"NOS LOCATIONS"},"content":{"rendered":"\t\t<div data-elementor-type=\"wp-page\" data-elementor-id=\"45\" class=\"elementor elementor-45\" data-elementor-settings=\"[]\">\n\t\t\t\t\t\t\t<div class=\"elementor-section-wrap\">\n\t\t\t\t\t\t\t<section class=\"elementor-section elementor-top-section elementor-element elementor-element-5db19ec elementor-section-stretched elementor-section-boxed elementor-section-height-default elementor-section-height-default\" data-id=\"5db19ec\" data-element_type=\"section\" data-settings=\"{&quot;stretch_section&quot;:&quot;section-stretched&quot;}\">\n\t\t\t\t\t\t<div class=\"elementor-container elementor-column-gap-default\">\n\t\t\t\t\t<div class=\"elementor-column elementor-col-100 elementor-top-column elementor-element elementor-element-98fac58\" data-id=\"98fac58\" data-element_type=\"column\">\n\t\t\t<div class=\"elementor-widget-wrap elementor-element-populated\">\n\t\t\t\t\t\t\t\t<div class=\"elementor-element elementor-element-8c0bce4 elementor-widget elementor-widget-heading\" data-id=\"8c0bce4\" data-element_type=\"widget\" data-widget_type=\"heading.default\">\n\t\t\t\t<div class=\"elementor-widget-container\">\n\t\t\t<h2 class=\"elementor-heading-title elementor-size-default\">Location P\u00e9dalos \/ Cano\u00eb-Kayak \/ Bateaux Electriques<\/h2>\t\t<\/div>\n\t\t\t\t<\/div>\n\t\t\t\t<div class=\"elementor-element elementor-element-cdf098a elementor-widget elementor-widget-text-editor\" data-id=\"cdf098a\" data-element_type=\"widget\" data-widget_type=\"text-editor.default\">\n\t\t\t\t<div class=\"elementor-widget-container\">\n\t\t\t\t\t\t\t\tPLEINE SAISON ESTIVALE (Juillet-Aout)\n\nDurant cette p\u00e9riode, la Base Nautique ainsi que sa buvette vous attend tous les jours, sur la plage \u00e0 partir de 9h30\n<h4><strong>Location P\u00e9dalos:<\/strong><\/h4>\n<table>\n<tbody>\n<tr>\n<td width=\"157\"><\/td>\n<td width=\"125\"><strong>1H<\/strong><\/td>\n<td width=\"132\"><strong>2H<\/strong><\/td>\n<td width=\"132\"><strong>3H<\/strong><\/td>\n<td width=\"142\"><strong>4H<\/strong><\/td>\n<\/tr>\n<tr>\n<td width=\"157\">\n<p style=\"text-align: left;\"><strong>PEDALOS =&gt; <\/strong><strong>2 PLACES<\/strong><\/p>\n<\/td>\n<td width=\"125\">12\u20ac<\/td>\n<td width=\"132\">20\u20ac<\/td>\n<td width=\"132\">28\u20ac<\/td>\n<td width=\"142\">35\u20ac<\/td>\n<\/tr>\n<tr>\n<td width=\"157\">\n<p style=\"text-align: left;\"><strong>PEDALOS =&gt; <\/strong><strong>4 PLACES<\/strong><\/p>\n<\/td>\n<td width=\"125\">15\u20ac<\/td>\n<td width=\"132\">27\u20ac<\/td>\n<td width=\"132\">37\u20ac<\/td>\n<td width=\"142\">47\u20ac<\/td>\n<\/tr>\n<\/tbody>\n<\/table>\t\t\t\t\t\t<\/div>\n\t\t\t\t<\/div>\n\t\t\t\t<div class=\"elementor-element elementor-element-cf355e5 elementor-widget elementor-widget-text-editor\" data-id=\"cf355e5\" data-element_type=\"widget\" data-widget_type=\"text-editor.default\">\n\t\t\t\t<div class=\"elementor-widget-container\">\n\t\t\t\t\t\t\t\t<h4><strong>Location Cano\u00eb-Kayak:<\/strong><\/h4><table><tbody><tr><td width=\"157\">\u00a0<\/td><td width=\"125\"><strong>1H<\/strong><\/td><td width=\"132\"><strong>2H<\/strong><\/td><td width=\"132\"><strong>3H<\/strong><\/td><td width=\"142\"><strong>4H<\/strong><\/td><td width=\"132\"><strong>5H<\/strong><\/td><td width=\"132\"><strong>6H<\/strong><\/td><\/tr><tr><td width=\"200\"><p style=\"text-align: left;\"><strong>CANOES =&gt; <\/strong><strong>1 PLACE<br \/><\/strong><\/p><\/td><td width=\"125\">8\u20ac<\/td><td width=\"132\">14\u20ac<\/td><td width=\"132\">20\u20ac<\/td><td width=\"142\">25\u20ac<\/td><td width=\"132\">29\u20ac<\/td><td width=\"132\">31\u20ac<\/td><\/tr><tr><td width=\"200\"><p style=\"text-align: left;\"><strong>CANOES =&gt;\u00a0 <\/strong><strong>2 PLACES<\/strong><\/p><\/td><td width=\"125\">11\u20ac<\/td><td width=\"132\">19\u20ac<\/td><td width=\"132\">25\u20ac<\/td><td width=\"142\">30\u20ac<\/td><td width=\"132\">34\u20ac<\/td><td width=\"132\">37\u20ac<\/td><\/tr><tr><td width=\"200\"><p style=\"text-align: left;\"><strong>CANOES =&gt; <\/strong><strong>3 PLACES<\/strong><\/p><\/td><td width=\"125\">14\u20ac<\/td><td width=\"132\">22\u20ac<\/td><td width=\"132\">28\u20ac<\/td><td width=\"142\">33\u20ac<\/td><td width=\"132\">37\u20ac<\/td><td width=\"132\">40\u20ac<\/td><\/tr><tr><td width=\"200\"><p style=\"text-align: left;\"><strong>CANOES =&gt; <\/strong><strong>4 PLACES<\/strong><\/p><\/td><td width=\"125\">15\u20ac<\/td><td width=\"132\">23\u20ac<\/td><td width=\"132\">29\u20ac<\/td><td width=\"142\">34\u20ac<\/td><td width=\"132\">38\u20ac<\/td><td width=\"132\">41\u20ac<\/td><\/tr><\/tbody><\/table>\t\t\t\t\t\t<\/div>\n\t\t\t\t<\/div>\n\t\t\t\t<div class=\"elementor-element elementor-element-6592688 elementor-widget elementor-widget-text-editor\" data-id=\"6592688\" data-element_type=\"widget\" data-widget_type=\"text-editor.default\">\n\t\t\t\t<div class=\"elementor-widget-container\">\n\t\t\t\t\t\t\t\t<h4><strong>Location Paddles:<\/strong><\/h4><table><tbody><tr><td width=\"157\">\u00a0<\/td><td width=\"125\"><strong>1H<\/strong><\/td><td width=\"132\"><strong>2H<\/strong><\/td><td width=\"132\">\u00a0<\/td><td width=\"142\">\u00a0<\/td><td width=\"132\">\u00a0<\/td><td width=\"132\">\u00a0<\/td><\/tr><tr><td width=\"157\"><strong>PADDLE<\/strong><\/td><td width=\"125\">10\u20ac<\/td><td width=\"132\">17\u20ac<\/td><td width=\"132\">\u00a0<\/td><td width=\"142\">\u00a0<\/td><td width=\"132\">\u00a0<\/td><td width=\"132\">\u00a0<\/td><\/tr><\/tbody><\/table>\t\t\t\t\t\t<\/div>\n\t\t\t\t<\/div>\n\t\t\t\t<div class=\"elementor-element elementor-element-06e9062 elementor-widget elementor-widget-text-editor\" data-id=\"06e9062\" data-element_type=\"widget\" data-widget_type=\"text-editor.default\">\n\t\t\t\t<div class=\"elementor-widget-container\">\n\t\t\t\t\t\t\t\t<h4><strong>Location Bateaux Electriques:<\/strong><\/h4><table><tbody><tr><td width=\"157\">\u00a0<\/td><td style=\"text-align: center;\" width=\"125\"><strong>1H<\/strong><\/td><td style=\"text-align: center;\" width=\"132\"><strong>2H<\/strong><\/td><td style=\"text-align: center;\" width=\"132\"><strong>FORFAIT 3H<\/strong><\/td><td width=\"142\">\u00a0<\/td><td width=\"132\">\u00a0<\/td><td width=\"132\">\u00a0<\/td><\/tr><tr><td width=\"157\"><p style=\"text-align: center;\"><strong>BATEAUX ELECTRIQUES 4 PERSONNES MAXI 300KG<\/strong><\/p><\/td><td style=\"text-align: center;\" width=\"125\">26\u20ac<\/td><td style=\"text-align: center;\" width=\"132\">48\u20ac<\/td><td style=\"text-align: center;\" width=\"132\">65\u20ac<\/td><td width=\"142\">\u00a0<\/td><td width=\"132\">\u00a0<\/td><td width=\"132\">\u00a0<\/td><\/tr><tr><td style=\"text-align: center;\" width=\"250\"><strong>BATEAUX ELECTRIQUES 6 PERSONNES MAXI 400KG<\/strong><\/td><td style=\"text-align: center;\" width=\"125\">40\u20ac<\/td><td style=\"text-align: center;\" width=\"132\">68\u20ac<\/td><td style=\"text-align: center;\" width=\"132\">85\u20ac<\/td><td width=\"142\">\u00a0<\/td><td width=\"132\">\u00a0<\/td><td width=\"132\">\u00a0<\/td><\/tr><\/tbody><\/table>\t\t\t\t\t\t<\/div>\n\t\t\t\t<\/div>\n\t\t\t\t<div class=\"elementor-element elementor-element-44c612d elementor-widget-divider--view-line elementor-widget elementor-widget-divider\" data-id=\"44c612d\" data-element_type=\"widget\" data-widget_type=\"divider.default\">\n\t\t\t\t<div class=\"elementor-widget-container\">\n\t\t\t\t\t<div class=\"elementor-divider\">\n\t\t\t<span class=\"elementor-divider-separator\">\n\t\t\t\t\t\t<\/span>\n\t\t<\/div>\n\t\t\t\t<\/div>\n\t\t\t\t<\/div>\n\t\t\t\t<div class=\"elementor-element elementor-element-cc6ef3e elementor-widget elementor-widget-text-editor\" data-id=\"cc6ef3e\" data-element_type=\"widget\" data-widget_type=\"text-editor.default\">\n\t\t\t\t<div class=\"elementor-widget-container\">\n\t\t\t\t\t\t\t\t<pre><strong>* Tout d\u00e9passement sera compt\u00e9 en plus AU TARIF DE LA 1er HEURE<\/strong><br \/><strong>* CARTE D'IDENTITE OBLIGATOIRE<\/strong><\/pre>\t\t\t\t\t\t<\/div>\n\t\t\t\t<\/div>\n\t\t\t\t\t<\/div>\n\t\t<\/div>\n\t\t\t\t\t\t\t<\/div>\n\t\t<\/section>\n\t\t\t\t<section class=\"elementor-section elementor-top-section elementor-element elementor-element-e724b82 elementor-section-stretched elementor-section-boxed elementor-section-height-default elementor-section-height-default\" data-id=\"e724b82\" data-element_type=\"section\" data-settings=\"{&quot;stretch_section&quot;:&quot;section-stretched&quot;}\">\n\t\t\t\t\t\t<div class=\"elementor-container elementor-column-gap-default\">\n\t\t\t\t\t<div class=\"elementor-column elementor-col-33 elementor-top-column elementor-element elementor-element-43ad3bc\" data-id=\"43ad3bc\" data-element_type=\"column\">\n\t\t\t<div class=\"elementor-widget-wrap elementor-element-populated\">\n\t\t\t\t\t\t\t\t<div class=\"elementor-element elementor-element-d812bc3 elementor-widget elementor-widget-image\" data-id=\"d812bc3\" data-element_type=\"widget\" data-widget_type=\"image.default\">\n\t\t\t\t<div class=\"elementor-widget-container\">\n\t\t\t\t\t\t\t\t\t\t\t\t\t\t\t<img width=\"300\" height=\"300\" src=\"https:\/\/base-nautique-artignosc.fr\/wp-content\/uploads\/2021\/06\/2.jpg\" class=\"attachment-large size-large\" alt=\"\" loading=\"lazy\" srcset=\"https:\/\/base-nautique-artignosc.fr\/wp-content\/uploads\/2021\/06\/2.jpg 300w, https:\/\/base-nautique-artignosc.fr\/wp-content\/uploads\/2021\/06\/2-150x150.jpg 150w\" sizes=\"(max-width: 300px) 100vw, 300px\" \/>\t\t\t\t\t\t\t\t\t\t\t\t\t\t\t<\/div>\n\t\t\t\t<\/div>\n\t\t\t\t\t<\/div>\n\t\t<\/div>\n\t\t\t\t<div class=\"elementor-column elementor-col-33 elementor-top-column elementor-element elementor-element-55dd310\" data-id=\"55dd310\" data-element_type=\"column\">\n\t\t\t<div class=\"elementor-widget-wrap elementor-element-populated\">\n\t\t\t\t\t\t\t\t<div class=\"elementor-element elementor-element-d13c1e6 elementor-widget elementor-widget-image\" data-id=\"d13c1e6\" data-element_type=\"widget\" data-widget_type=\"image.default\">\n\t\t\t\t<div class=\"elementor-widget-container\">\n\t\t\t\t\t\t\t\t\t\t\t\t\t\t\t<img width=\"300\" height=\"300\" src=\"https:\/\/base-nautique-artignosc.fr\/wp-content\/uploads\/2021\/06\/9.jpg\" class=\"attachment-large size-large\" alt=\"\" loading=\"lazy\" srcset=\"https:\/\/base-nautique-artignosc.fr\/wp-content\/uploads\/2021\/06\/9.jpg 300w, https:\/\/base-nautique-artignosc.fr\/wp-content\/uploads\/2021\/06\/9-150x150.jpg 150w\" sizes=\"(max-width: 300px) 100vw, 300px\" \/>\t\t\t\t\t\t\t\t\t\t\t\t\t\t\t<\/div>\n\t\t\t\t<\/div>\n\t\t\t\t\t<\/div>\n\t\t<\/div>\n\t\t\t\t<div class=\"elementor-column elementor-col-33 elementor-top-column elementor-element elementor-element-b06d6ab\" data-id=\"b06d6ab\" data-element_type=\"column\">\n\t\t\t<div class=\"elementor-widget-wrap elementor-element-populated\">\n\t\t\t\t\t\t\t\t<div class=\"elementor-element elementor-element-0e5cd43 elementor-widget elementor-widget-image\" data-id=\"0e5cd43\" data-element_type=\"widget\" data-widget_type=\"image.default\">\n\t\t\t\t<div class=\"elementor-widget-container\">\n\t\t\t\t\t\t\t\t\t\t\t\t\t\t\t<img width=\"300\" height=\"300\" src=\"https:\/\/base-nautique-artignosc.fr\/wp-content\/uploads\/2021\/06\/20.jpg\" class=\"attachment-large size-large\" alt=\"\" loading=\"lazy\" srcset=\"https:\/\/base-nautique-artignosc.fr\/wp-content\/uploads\/2021\/06\/20.jpg 300w, https:\/\/base-nautique-artignosc.fr\/wp-content\/uploads\/2021\/06\/20-150x150.jpg 150w\" sizes=\"(max-width: 300px) 100vw, 300px\" \/>\t\t\t\t\t\t\t\t\t\t\t\t\t\t\t<\/div>\n\t\t\t\t<\/div>\n\t\t\t\t\t<\/div>\n\t\t<\/div>\n\t\t\t\t\t\t\t<\/div>\n\t\t<\/section>\n\t\t\t\t\t\t<\/div>\n\t\t\t\t\t<\/div>\n\t\t","protected":false},"excerpt":{"rendered":"<p>Location P\u00e9dalos \/ Cano\u00eb-Kayak \/ Bateaux Electriques PLEINE SAISON ESTIVALE (Juillet-Aout) Durant cette p\u00e9riode, la Base Nautique ainsi que sa buvette vous attend tous les jours, sur la plage \u00e0 partir de 9h30 Location P\u00e9dalos: 1H 2H 3H 4H PEDALOS =&gt; 2 PLACES 12\u20ac 20\u20ac 28\u20ac 35\u20ac PEDALOS =&gt; 4 PLACES 15\u20ac 27\u20ac 37\u20ac 47\u20ac <a class=\"read-more\" href=\"https:\/\/base-nautique-artignosc.fr\/index.php\/nos-locations\/\">READ MORE<\/a><\/p>\n","protected":false},"author":1,"featured_media":0,"parent":0,"menu_order":0,"comment_status":"closed","ping_status":"closed","template":"elementor_header_footer","meta":[],"_links":{"self":[{"href":"https:\/\/base-nautique-artignosc.fr\/index.php\/wp-json\/wp\/v2\/pages\/45"}],"collection":[{"href":"https:\/\/base-nautique-artignosc.fr\/index.php\/wp-json\/wp\/v2\/pages"}],"about":[{"href":"https:\/\/base-nautique-artignosc.fr\/index.php\/wp-json\/wp\/v2\/types\/page"}],"author":[{"embeddable":true,"href":"https:\/\/base-nautique-artignosc.fr\/index.php\/wp-json\/wp\/v2\/users\/1"}],"replies":[{"embeddable":true,"href":"https:\/\/base-nautique-artignosc.fr\/index.php\/wp-json\/wp\/v2\/comments?post=45"}],"version-history":[{"count":64,"href":"https:\/\/base-nautique-artignosc.fr\/index.php\/wp-json\/wp\/v2\/pages\/45\/revisions"}],"predecessor-version":[{"id":151,"href":"https:\/\/base-nautique-artignosc.fr\/index.php\/wp-json\/wp\/v2\/pages\/45\/revisions\/151"}],"wp:attachment":[{"href":"https:\/\/base-nautique-artignosc.fr\/index.php\/wp-json\/wp\/v2\/media?parent=45"}],"curies":[{"name":"wp","href":"https:\/\/api.w.org\/{rel}","templated":true}]}}