{"id":24,"date":"2021-06-17T10:47:59","date_gmt":"2021-06-17T08:47:59","guid":{"rendered":"http:\/\/base-nautique-artignosc.fr\/?page_id=24"},"modified":"2021-06-17T11:33:17","modified_gmt":"2021-06-17T09:33:17","slug":"accueil","status":"publish","type":"page","link":"https:\/\/base-nautique-artignosc.fr\/","title":{"rendered":"ACCUEIL"},"content":{"rendered":"\t\t<div data-elementor-type=\"wp-page\" data-elementor-id=\"24\" class=\"elementor elementor-24\" data-elementor-settings=\"[]\">\n\t\t\t\t\t\t\t<div class=\"elementor-section-wrap\">\n\t\t\t\t\t\t\t<section class=\"elementor-section elementor-top-section elementor-element elementor-element-bc30f41 elementor-section-full_width elementor-section-stretched elementor-section-height-default elementor-section-height-default\" data-id=\"bc30f41\" data-element_type=\"section\" data-settings=\"{&quot;stretch_section&quot;:&quot;section-stretched&quot;,&quot;background_background&quot;:&quot;slideshow&quot;,&quot;background_slideshow_gallery&quot;:[{&quot;id&quot;:15,&quot;url&quot;:&quot;http:\\\/\\\/base-nautique-artignosc.fr\\\/wp-content\\\/uploads\\\/2021\\\/06\\\/cropped-cropped-cropped-Eau-turquoise-dans-le-Verdon-Provence-768x327-1.jpg&quot;},{&quot;id&quot;:18,&quot;url&quot;:&quot;http:\\\/\\\/base-nautique-artignosc.fr\\\/wp-content\\\/uploads\\\/2021\\\/06\\\/cropped-les-grottes-de-l-eglise-113-768x327-1.jpg&quot;},{&quot;id&quot;:19,&quot;url&quot;:&quot;http:\\\/\\\/base-nautique-artignosc.fr\\\/wp-content\\\/uploads\\\/2021\\\/06\\\/cropped-cropped-les-grottes-de-l-eglise-113-768x327-1.jpg&quot;}],&quot;background_slideshow_ken_burns&quot;:&quot;yes&quot;,&quot;background_slideshow_loop&quot;:&quot;yes&quot;,&quot;background_slideshow_slide_duration&quot;:5000,&quot;background_slideshow_slide_transition&quot;:&quot;fade&quot;,&quot;background_slideshow_transition_duration&quot;:500,&quot;background_slideshow_ken_burns_zoom_direction&quot;:&quot;in&quot;}\">\n\t\t\t\t\t\t<div class=\"elementor-container elementor-column-gap-default\">\n\t\t\t\t\t<div class=\"elementor-column elementor-col-100 elementor-top-column elementor-element elementor-element-0aedca1\" data-id=\"0aedca1\" data-element_type=\"column\">\n\t\t\t<div class=\"elementor-widget-wrap elementor-element-populated\">\n\t\t\t\t\t\t\t\t<div class=\"elementor-element elementor-element-9cbb544 elementor-widget elementor-widget-spacer\" data-id=\"9cbb544\" data-element_type=\"widget\" data-widget_type=\"spacer.default\">\n\t\t\t\t<div class=\"elementor-widget-container\">\n\t\t\t\t\t<div class=\"elementor-spacer\">\n\t\t\t<div class=\"elementor-spacer-inner\"><\/div>\n\t\t<\/div>\n\t\t\t\t<\/div>\n\t\t\t\t<\/div>\n\t\t\t\t<div class=\"elementor-element elementor-element-c05fa57 elementor-widget elementor-widget-text-editor\" data-id=\"c05fa57\" data-element_type=\"widget\" data-widget_type=\"text-editor.default\">\n\t\t\t\t<div class=\"elementor-widget-container\">\n\t\t\t\t\t\t\t\t<p>Au c\u0153ur d&#8217;un site grandiose &#8220;les basses gorges du verdon&#8221; entre les barrages de Sainte Croix et de Quinson.<\/p><p>L&#8217;aventure est \u00e0 votre port\u00e9e. Vous d\u00e9couvrirez un plan d&#8217;eau limpide se faufilant dans des canyons profonds et spectaculaires.<\/p><p>Vous serez ainsi en contact permanent avec une flore et une faune diversifi\u00e9e, propice \u00e0 la p\u00e8che.<\/p>\t\t\t\t\t\t<\/div>\n\t\t\t\t<\/div>\n\t\t\t\t<div class=\"elementor-element elementor-element-535bca9 elementor-widget elementor-widget-spacer\" data-id=\"535bca9\" data-element_type=\"widget\" data-widget_type=\"spacer.default\">\n\t\t\t\t<div class=\"elementor-widget-container\">\n\t\t\t\t\t<div class=\"elementor-spacer\">\n\t\t\t<div class=\"elementor-spacer-inner\"><\/div>\n\t\t<\/div>\n\t\t\t\t<\/div>\n\t\t\t\t<\/div>\n\t\t\t\t\t<\/div>\n\t\t<\/div>\n\t\t\t\t\t\t\t<\/div>\n\t\t<\/section>\n\t\t\t\t<section class=\"elementor-section elementor-top-section elementor-element elementor-element-30be8c9 elementor-section-stretched elementor-section-boxed elementor-section-height-default elementor-section-height-default\" data-id=\"30be8c9\" data-element_type=\"section\" data-settings=\"{&quot;stretch_section&quot;:&quot;section-stretched&quot;}\">\n\t\t\t\t\t\t<div class=\"elementor-container elementor-column-gap-default\">\n\t\t\t\t\t<div class=\"elementor-column elementor-col-100 elementor-top-column elementor-element elementor-element-b4fc469\" data-id=\"b4fc469\" data-element_type=\"column\">\n\t\t\t<div class=\"elementor-widget-wrap elementor-element-populated\">\n\t\t\t\t\t\t\t\t<div class=\"elementor-element elementor-element-5186890 elementor-widget elementor-widget-text-editor\" data-id=\"5186890\" data-element_type=\"widget\" data-widget_type=\"text-editor.default\">\n\t\t\t\t<div class=\"elementor-widget-container\">\n\t\t\t\t\t\t\t\t<p><strong>Seul le cano\u00eb et le p\u00e9dalo vous permettront cette approche, ne vous privez pas de ces instants magiques \u00e0 vivre seul, en famille ou entre amis.<\/strong><\/p><p><strong>La Base Nautique et les d\u00e9parts se font sur la plage d&#8217;Artignosc.<\/strong><\/p><p><strong>De la plage, il y a 8km de gorges et de lacs pour remonter vers le barrage de Sainte-Croix. Site exceptionnel en passant par le lac de Montpezat.<\/strong><\/p><p><strong>De la plage, il y a 4km de gorges dont une anse tr\u00e8s typique (le vieux moulin) pour descendre vers le barrage de Quinson.<\/strong><\/p>\t\t\t\t\t\t<\/div>\n\t\t\t\t<\/div>\n\t\t\t\t\t<\/div>\n\t\t<\/div>\n\t\t\t\t\t\t\t<\/div>\n\t\t<\/section>\n\t\t\t\t\t\t<\/div>\n\t\t\t\t\t<\/div>\n\t\t","protected":false},"excerpt":{"rendered":"<p>Au c\u0153ur d&#8217;un site grandiose &#8220;les basses gorges du verdon&#8221; entre les barrages de Sainte Croix et de Quinson. L&#8217;aventure est \u00e0 votre port\u00e9e. Vous d\u00e9couvrirez un plan d&#8217;eau limpide se faufilant dans des canyons profonds et spectaculaires. Vous serez ainsi en contact permanent avec une flore et une faune diversifi\u00e9e, propice \u00e0 la p\u00e8che. <a class=\"read-more\" href=\"https:\/\/base-nautique-artignosc.fr\/\">READ MORE<\/a><\/p>\n","protected":false},"author":1,"featured_media":0,"parent":0,"menu_order":0,"comment_status":"closed","ping_status":"closed","template":"elementor_header_footer","meta":[],"_links":{"self":[{"href":"https:\/\/base-nautique-artignosc.fr\/index.php\/wp-json\/wp\/v2\/pages\/24"}],"collection":[{"href":"https:\/\/base-nautique-artignosc.fr\/index.php\/wp-json\/wp\/v2\/pages"}],"about":[{"href":"https:\/\/base-nautique-artignosc.fr\/index.php\/wp-json\/wp\/v2\/types\/page"}],"author":[{"embeddable":true,"href":"https:\/\/base-nautique-artignosc.fr\/index.php\/wp-json\/wp\/v2\/users\/1"}],"replies":[{"embeddable":true,"href":"https:\/\/base-nautique-artignosc.fr\/index.php\/wp-json\/wp\/v2\/comments?post=24"}],"version-history":[{"count":13,"href":"https:\/\/base-nautique-artignosc.fr\/index.php\/wp-json\/wp\/v2\/pages\/24\/revisions"}],"predecessor-version":[{"id":44,"href":"https:\/\/base-nautique-artignosc.fr\/index.php\/wp-json\/wp\/v2\/pages\/24\/revisions\/44"}],"wp:attachment":[{"href":"https:\/\/base-nautique-artignosc.fr\/index.php\/wp-json\/wp\/v2\/media?parent=24"}],"curies":[{"name":"wp","href":"https:\/\/api.w.org\/{rel}","templated":true}]}}