{"id":102,"date":"2021-06-17T13:33:49","date_gmt":"2021-06-17T11:33:49","guid":{"rendered":"http:\/\/base-nautique-artignosc.fr\/?page_id=102"},"modified":"2021-06-17T13:43:55","modified_gmt":"2021-06-17T11:43:55","slug":"contact","status":"publish","type":"page","link":"https:\/\/base-nautique-artignosc.fr\/index.php\/contact\/","title":{"rendered":"CONTACT"},"content":{"rendered":"\t\t<div data-elementor-type=\"wp-page\" data-elementor-id=\"102\" class=\"elementor elementor-102\" data-elementor-settings=\"[]\">\n\t\t\t\t\t\t\t<div class=\"elementor-section-wrap\">\n\t\t\t\t\t\t\t<section class=\"elementor-section elementor-top-section elementor-element elementor-element-ad9591d elementor-section-boxed elementor-section-height-default elementor-section-height-default\" data-id=\"ad9591d\" data-element_type=\"section\">\n\t\t\t\t\t\t<div class=\"elementor-container elementor-column-gap-default\">\n\t\t\t\t\t<div class=\"elementor-column elementor-col-100 elementor-top-column elementor-element elementor-element-8a0cc8b\" data-id=\"8a0cc8b\" data-element_type=\"column\">\n\t\t\t<div class=\"elementor-widget-wrap elementor-element-populated\">\n\t\t\t\t\t\t\t\t<div class=\"elementor-element elementor-element-05094be elementor-widget elementor-widget-heading\" data-id=\"05094be\" data-element_type=\"widget\" data-widget_type=\"heading.default\">\n\t\t\t\t<div class=\"elementor-widget-container\">\n\t\t\t<h2 class=\"elementor-heading-title elementor-size-default\">Contact<\/h2>\t\t<\/div>\n\t\t\t\t<\/div>\n\t\t\t\t<div class=\"elementor-element elementor-element-35d8234 elementor-widget elementor-widget-image\" data-id=\"35d8234\" data-element_type=\"widget\" data-widget_type=\"image.default\">\n\t\t\t\t<div class=\"elementor-widget-container\">\n\t\t\t\t\t\t\t\t\t\t\t\t\t\t\t<img width=\"300\" height=\"154\" src=\"https:\/\/base-nautique-artignosc.fr\/wp-content\/uploads\/2021\/06\/artignosc-300x154-1.png\" class=\"attachment-large size-large\" alt=\"\" loading=\"lazy\" \/>\t\t\t\t\t\t\t\t\t\t\t\t\t\t\t<\/div>\n\t\t\t\t<\/div>\n\t\t\t\t<div class=\"elementor-element elementor-element-33684d0 elementor-widget elementor-widget-text-editor\" data-id=\"33684d0\" data-element_type=\"widget\" data-widget_type=\"text-editor.default\">\n\t\t\t\t<div class=\"elementor-widget-container\">\n\t\t\t\t\t\t\t\t<p><strong>Base Nautique d&#8217;Artignosc au c\u0153ur des Gorges du Verdon<\/strong><\/p><p><strong>Location de P\u00e9dalos, Cano\u00eb-Kayak, Paddles et Bateaux \u00e9lectriques<\/strong><\/p>\t\t\t\t\t\t<\/div>\n\t\t\t\t<\/div>\n\t\t\t\t<div class=\"elementor-element elementor-element-4145f31 elementor-widget elementor-widget-text-editor\" data-id=\"4145f31\" data-element_type=\"widget\" data-widget_type=\"text-editor.default\">\n\t\t\t\t<div class=\"elementor-widget-container\">\n\t\t\t\t\t\t\t\t<p><strong>Tel: 06 60 98 37 05<\/strong><\/p>\t\t\t\t\t\t<\/div>\n\t\t\t\t<\/div>\n\t\t\t\t<div class=\"elementor-element elementor-element-2ff675d elementor-widget elementor-widget-text-editor\" data-id=\"2ff675d\" data-element_type=\"widget\" data-widget_type=\"text-editor.default\">\n\t\t\t\t<div class=\"elementor-widget-container\">\n\t\t\t\t\t\t\t\t<p><strong>INFOS UTILES:<\/strong><\/p><p><strong>Artignosc est au bord du Verdon, le GR99 passe par Artignosc,<\/strong><\/p><p><strong>possibilit\u00e9 de dormir sur place (gite castor), 2 campings sur la commune,<\/strong><\/p><p><strong>petits commerces, une piscine municipale ouverte juillet-aout, toilettes(disposition pr\u00eat de la plage), tables de pique-nique sur la plage dans la cheneraie.<\/strong><\/p><p><strong><a href=\"https:\/\/artignosc-sur-verdon.fr\/\">Voir site de la mairie d&#8217;artignosc<\/a><\/strong><\/p>\t\t\t\t\t\t<\/div>\n\t\t\t\t<\/div>\n\t\t\t\t<div class=\"elementor-element elementor-element-7a30695 elementor-widget elementor-widget-google_maps\" data-id=\"7a30695\" data-element_type=\"widget\" data-widget_type=\"google_maps.default\">\n\t\t\t\t<div class=\"elementor-widget-container\">\n\t\t\t\t\t<div class=\"elementor-custom-embed\">\n\t\t\t<iframe frameborder=\"0\" scrolling=\"no\" marginheight=\"0\" marginwidth=\"0\" src=\"https:\/\/maps.google.com\/maps?q=artignosc&amp;t=m&amp;z=11&amp;output=embed&amp;iwloc=near\" title=\"%3$s\" aria-label=\"%3$s\"><\/iframe>\n\t\t<\/div>\n\t\t\t\t<\/div>\n\t\t\t\t<\/div>\n\t\t\t\t\t<\/div>\n\t\t<\/div>\n\t\t\t\t\t\t\t<\/div>\n\t\t<\/section>\n\t\t\t\t\t\t<\/div>\n\t\t\t\t\t<\/div>\n\t\t","protected":false},"excerpt":{"rendered":"<p>Contact Base Nautique d&#8217;Artignosc au c\u0153ur des Gorges du Verdon Location de P\u00e9dalos, Cano\u00eb-Kayak, Paddles et Bateaux \u00e9lectriques Tel: 06 60 98 37 05 INFOS UTILES: Artignosc est au bord du Verdon, le GR99 passe par Artignosc, possibilit\u00e9 de dormir sur place (gite castor), 2 campings sur la commune, petits commerces, une piscine municipale ouverte <a class=\"read-more\" href=\"https:\/\/base-nautique-artignosc.fr\/index.php\/contact\/\">READ MORE<\/a><\/p>\n","protected":false},"author":1,"featured_media":0,"parent":0,"menu_order":0,"comment_status":"closed","ping_status":"closed","template":"elementor_header_footer","meta":[],"_links":{"self":[{"href":"https:\/\/base-nautique-artignosc.fr\/index.php\/wp-json\/wp\/v2\/pages\/102"}],"collection":[{"href":"https:\/\/base-nautique-artignosc.fr\/index.php\/wp-json\/wp\/v2\/pages"}],"about":[{"href":"https:\/\/base-nautique-artignosc.fr\/index.php\/wp-json\/wp\/v2\/types\/page"}],"author":[{"embeddable":true,"href":"https:\/\/base-nautique-artignosc.fr\/index.php\/wp-json\/wp\/v2\/users\/1"}],"replies":[{"embeddable":true,"href":"https:\/\/base-nautique-artignosc.fr\/index.php\/wp-json\/wp\/v2\/comments?post=102"}],"version-history":[{"count":10,"href":"https:\/\/base-nautique-artignosc.fr\/index.php\/wp-json\/wp\/v2\/pages\/102\/revisions"}],"predecessor-version":[{"id":114,"href":"https:\/\/base-nautique-artignosc.fr\/index.php\/wp-json\/wp\/v2\/pages\/102\/revisions\/114"}],"wp:attachment":[{"href":"https:\/\/base-nautique-artignosc.fr\/index.php\/wp-json\/wp\/v2\/media?parent=102"}],"curies":[{"name":"wp","href":"https:\/\/api.w.org\/{rel}","templated":true}]}}